{"id":7686,"date":"2025-03-28T17:52:11","date_gmt":"2025-03-28T16:52:11","guid":{"rendered":"https:\/\/www.polymanga.com\/?page_id=7686"},"modified":"2025-03-31T15:31:53","modified_gmt":"2025-03-31T13:31:53","slug":"artistes-informations","status":"publish","type":"page","link":"https:\/\/www.polymanga.com\/de\/artistes-informations\/","title":{"rendered":"Artistes informations"},"content":{"rendered":"\n<p>Chers artistes,<br>Polymanga arrive \u00e0 grands pas et nous sommes impatients de vous accueillir ! Voici les derniers d\u00e9tails pour que tout se passe bien pour vous pendant l&#8217;\u00e9v\u00e9nement.<br><br>Voici quelques informations importantes, ainsi que votre position dans le village d&#8217;artistes.<\/p>\n\n\n\n<div class=\"wp-block-file alignleft\"><a id=\"wp-block-file--media-63f78aed-d66c-4cbd-9fcc-213df062af29\" href=\"https:\/\/www.polymanga.com\/wp-content\/uploads\/2025\/03\/FR-GuideArtistes-1.pdf\">Guide pour les artistes<\/a><a href=\"https:\/\/www.polymanga.com\/wp-content\/uploads\/2025\/03\/FR-GuideArtistes-1.pdf\" class=\"wp-block-file__button wp-element-button\" download aria-describedby=\"wp-block-file--media-63f78aed-d66c-4cbd-9fcc-213df062af29\">T\u00e9l\u00e9charger<\/a><\/div>\n\n\n\n<div class=\"wp-block-file alignleft\"><a id=\"wp-block-file--media-d6114e6b-5c87-497b-bddd-7c93d752c576\" href=\"https:\/\/www.polymanga.com\/wp-content\/uploads\/2025\/03\/positionArtiste-2.pdf\">positionArtiste<\/a><a href=\"https:\/\/www.polymanga.com\/wp-content\/uploads\/2025\/03\/positionArtiste-2.pdf\" class=\"wp-block-file__button wp-element-button\" download aria-describedby=\"wp-block-file--media-d6114e6b-5c87-497b-bddd-7c93d752c576\">T\u00e9l\u00e9charger<\/a><\/div>\n\n\n\n<div class=\"wp-block-file alignleft\"><a id=\"wp-block-file--media-2562cdf8-1418-4634-9cd6-15dd44020765\" href=\"https:\/\/www.polymanga.com\/wp-content\/uploads\/2025\/03\/positionArtiste-1.pdf\">Plan<\/a><a href=\"https:\/\/www.polymanga.com\/wp-content\/uploads\/2025\/03\/positionArtiste-1.pdf\" class=\"wp-block-file__button wp-element-button\" download aria-describedby=\"wp-block-file--media-2562cdf8-1418-4634-9cd6-15dd44020765\">T\u00e9l\u00e9charger<\/a><\/div>\n\n\n\n<p><br><br>Les informations sur les formalit\u00e9s douani\u00e8res ont \u00e9t\u00e9 mises \u00e0 jour.<br>Veuillez les consulter pour pr\u00e9parer votre venue !<\/p>\n\n\n\n<div class=\"wp-block-file alignleft\"><a id=\"wp-block-file--media-bc0300f5-eac7-4588-a832-e93c45b46d47\" href=\"https:\/\/www.polymanga.com\/wp-content\/uploads\/2025\/03\/Douane-Polymanga.pdf\">Douane-Polymanga<\/a><a href=\"https:\/\/www.polymanga.com\/wp-content\/uploads\/2025\/03\/Douane-Polymanga.pdf\" class=\"wp-block-file__button wp-element-button\" download aria-describedby=\"wp-block-file--media-bc0300f5-eac7-4588-a832-e93c45b46d47\">T\u00e9l\u00e9charger<\/a><\/div>\n","protected":false},"excerpt":{"rendered":"<p>Chers artistes,Polymanga arrive \u00e0 grands pas et nous sommes impatients de vous accueillir ! Voici les derniers d\u00e9tails pour que tout se passe bien pour vous pendant l&#8217;\u00e9v\u00e9nement. Voici quelques informations importantes, ainsi que votre position dans le village d&#8217;artistes. Les informations sur les formalit\u00e9s douani\u00e8res ont \u00e9t\u00e9 mises \u00e0 jour.Veuillez les consulter pour pr\u00e9parer votre venue !<\/p>\n","protected":false},"author":8,"featured_media":174,"parent":0,"menu_order":0,"comment_status":"closed","ping_status":"closed","template":"","meta":{"footnotes":""},"class_list":["post-7686","page","type-page","status-publish","has-post-thumbnail","hentry"],"yoast_head":"<!-- This site is optimized with the Yoast SEO plugin v27.0 - https:\/\/yoast.com\/product\/yoast-seo-wordpress\/ -->\n<title>Artistes informations | Polymanga \u2013 20e !<\/title>\n<meta name=\"robots\" content=\"index, follow, max-snippet:-1, max-image-preview:large, max-video-preview:-1\" \/>\n<link rel=\"canonical\" href=\"https:\/\/www.polymanga.com\/artistes-informations\/\" \/>\n<meta property=\"og:locale\" content=\"de_DE\" \/>\n<meta property=\"og:type\" content=\"article\" \/>\n<meta property=\"og:title\" content=\"Artistes informations | Polymanga \u2013 20e !\" \/>\n<meta property=\"og:description\" content=\"Chers artistes,Polymanga arrive \u00e0 grands pas et nous sommes impatients de vous accueillir ! Voici les derniers d\u00e9tails pour que tout se passe bien pour vous pendant l&#8217;\u00e9v\u00e9nement. Voici quelques informations importantes, ainsi que votre position dans le village d&#8217;artistes. Les informations sur les formalit\u00e9s douani\u00e8res ont \u00e9t\u00e9 mises \u00e0 jour.Veuillez les consulter pour pr\u00e9parer votre venue !\" \/>\n<meta property=\"og:url\" content=\"https:\/\/www.polymanga.com\/artistes-informations\/\" \/>\n<meta property=\"og:site_name\" content=\"Polymanga \u2013 20e !\" \/>\n<meta property=\"article:publisher\" content=\"https:\/\/www.facebook.com\/Polymanga\/?locale=fr_FR\" \/>\n<meta property=\"article:modified_time\" content=\"2025-03-31T13:31:53+00:00\" \/>\n<meta property=\"og:image\" content=\"https:\/\/www.polymanga.com\/wp-content\/uploads\/2024\/11\/individuel_small.jpg\" \/>\n\t<meta property=\"og:image:width\" content=\"1000\" \/>\n\t<meta property=\"og:image:height\" content=\"1000\" \/>\n\t<meta property=\"og:image:type\" content=\"image\/jpeg\" \/>\n<meta name=\"twitter:card\" content=\"summary_large_image\" \/>\n<script type=\"application\/ld+json\" class=\"yoast-schema-graph\">{\"@context\":\"https:\/\/schema.org\",\"@graph\":[{\"@type\":\"WebPage\",\"@id\":\"https:\/\/www.polymanga.com\/artistes-informations\/\",\"url\":\"https:\/\/www.polymanga.com\/artistes-informations\/\",\"name\":\"Artistes informations | Polymanga \u2013 20e !\",\"isPartOf\":{\"@id\":\"https:\/\/www.polymanga.com\/#website\"},\"primaryImageOfPage\":{\"@id\":\"https:\/\/www.polymanga.com\/artistes-informations\/#primaryimage\"},\"image\":{\"@id\":\"https:\/\/www.polymanga.com\/artistes-informations\/#primaryimage\"},\"thumbnailUrl\":\"https:\/\/www.polymanga.com\/wp-content\/uploads\/2024\/11\/individuel_small.jpg\",\"datePublished\":\"2025-03-28T16:52:11+00:00\",\"dateModified\":\"2025-03-31T13:31:53+00:00\",\"breadcrumb\":{\"@id\":\"https:\/\/www.polymanga.com\/artistes-informations\/#breadcrumb\"},\"inLanguage\":\"de\",\"potentialAction\":[{\"@type\":\"ReadAction\",\"target\":[\"https:\/\/www.polymanga.com\/artistes-informations\/\"]}]},{\"@type\":\"ImageObject\",\"inLanguage\":\"de\",\"@id\":\"https:\/\/www.polymanga.com\/artistes-informations\/#primaryimage\",\"url\":\"https:\/\/www.polymanga.com\/wp-content\/uploads\/2024\/11\/individuel_small.jpg\",\"contentUrl\":\"https:\/\/www.polymanga.com\/wp-content\/uploads\/2024\/11\/individuel_small.jpg\",\"width\":1000,\"height\":1000},{\"@type\":\"BreadcrumbList\",\"@id\":\"https:\/\/www.polymanga.com\/artistes-informations\/#breadcrumb\",\"itemListElement\":[{\"@type\":\"ListItem\",\"position\":1,\"name\":\"Home\",\"item\":\"https:\/\/www.polymanga.com\/\"},{\"@type\":\"ListItem\",\"position\":2,\"name\":\"Artistes informations\"}]},{\"@type\":\"WebSite\",\"@id\":\"https:\/\/www.polymanga.com\/#website\",\"url\":\"https:\/\/www.polymanga.com\/\",\"name\":\"Polymanga \u2013 20e !\",\"description\":\"Du 3 au 6 avril 2026\",\"publisher\":{\"@id\":\"https:\/\/www.polymanga.com\/#organization\"},\"potentialAction\":[{\"@type\":\"SearchAction\",\"target\":{\"@type\":\"EntryPoint\",\"urlTemplate\":\"https:\/\/www.polymanga.com\/?s={search_term_string}\"},\"query-input\":{\"@type\":\"PropertyValueSpecification\",\"valueRequired\":true,\"valueName\":\"search_term_string\"}}],\"inLanguage\":\"de\"},{\"@type\":\"Organization\",\"@id\":\"https:\/\/www.polymanga.com\/#organization\",\"name\":\"Polymanga\",\"url\":\"https:\/\/www.polymanga.com\/\",\"logo\":{\"@type\":\"ImageObject\",\"inLanguage\":\"de\",\"@id\":\"https:\/\/www.polymanga.com\/#\/schema\/logo\/image\/\",\"url\":\"https:\/\/www.polymanga.com\/wp-content\/uploads\/2025\/10\/logo-2026.jpg\",\"contentUrl\":\"https:\/\/www.polymanga.com\/wp-content\/uploads\/2025\/10\/logo-2026.jpg\",\"width\":2184,\"height\":1157,\"caption\":\"Polymanga\"},\"image\":{\"@id\":\"https:\/\/www.polymanga.com\/#\/schema\/logo\/image\/\"},\"sameAs\":[\"https:\/\/www.facebook.com\/Polymanga\/?locale=fr_FR\",\"https:\/\/www.instagram.com\/polymanga\/\",\"https:\/\/www.tiktok.com\/@polymanga\"]}]}<\/script>\n<!-- \/ Yoast SEO plugin. -->","yoast_head_json":{"title":"Artistes informations | Polymanga \u2013 20e !","robots":{"index":"index","follow":"follow","max-snippet":"max-snippet:-1","max-image-preview":"max-image-preview:large","max-video-preview":"max-video-preview:-1"},"canonical":"https:\/\/www.polymanga.com\/artistes-informations\/","og_locale":"de_DE","og_type":"article","og_title":"Artistes informations | Polymanga \u2013 20e !","og_description":"Chers artistes,Polymanga arrive \u00e0 grands pas et nous sommes impatients de vous accueillir ! Voici les derniers d\u00e9tails pour que tout se passe bien pour vous pendant l&#8217;\u00e9v\u00e9nement. Voici quelques informations importantes, ainsi que votre position dans le village d&#8217;artistes. Les informations sur les formalit\u00e9s douani\u00e8res ont \u00e9t\u00e9 mises \u00e0 jour.Veuillez les consulter pour pr\u00e9parer votre venue !","og_url":"https:\/\/www.polymanga.com\/artistes-informations\/","og_site_name":"Polymanga \u2013 20e !","article_publisher":"https:\/\/www.facebook.com\/Polymanga\/?locale=fr_FR","article_modified_time":"2025-03-31T13:31:53+00:00","og_image":[{"width":1000,"height":1000,"url":"https:\/\/www.polymanga.com\/wp-content\/uploads\/2024\/11\/individuel_small.jpg","type":"image\/jpeg"}],"twitter_card":"summary_large_image","schema":{"@context":"https:\/\/schema.org","@graph":[{"@type":"WebPage","@id":"https:\/\/www.polymanga.com\/artistes-informations\/","url":"https:\/\/www.polymanga.com\/artistes-informations\/","name":"Artistes informations | Polymanga \u2013 20e !","isPartOf":{"@id":"https:\/\/www.polymanga.com\/#website"},"primaryImageOfPage":{"@id":"https:\/\/www.polymanga.com\/artistes-informations\/#primaryimage"},"image":{"@id":"https:\/\/www.polymanga.com\/artistes-informations\/#primaryimage"},"thumbnailUrl":"https:\/\/www.polymanga.com\/wp-content\/uploads\/2024\/11\/individuel_small.jpg","datePublished":"2025-03-28T16:52:11+00:00","dateModified":"2025-03-31T13:31:53+00:00","breadcrumb":{"@id":"https:\/\/www.polymanga.com\/artistes-informations\/#breadcrumb"},"inLanguage":"de","potentialAction":[{"@type":"ReadAction","target":["https:\/\/www.polymanga.com\/artistes-informations\/"]}]},{"@type":"ImageObject","inLanguage":"de","@id":"https:\/\/www.polymanga.com\/artistes-informations\/#primaryimage","url":"https:\/\/www.polymanga.com\/wp-content\/uploads\/2024\/11\/individuel_small.jpg","contentUrl":"https:\/\/www.polymanga.com\/wp-content\/uploads\/2024\/11\/individuel_small.jpg","width":1000,"height":1000},{"@type":"BreadcrumbList","@id":"https:\/\/www.polymanga.com\/artistes-informations\/#breadcrumb","itemListElement":[{"@type":"ListItem","position":1,"name":"Home","item":"https:\/\/www.polymanga.com\/"},{"@type":"ListItem","position":2,"name":"Artistes informations"}]},{"@type":"WebSite","@id":"https:\/\/www.polymanga.com\/#website","url":"https:\/\/www.polymanga.com\/","name":"Polymanga \u2013 20e !","description":"Du 3 au 6 avril 2026","publisher":{"@id":"https:\/\/www.polymanga.com\/#organization"},"potentialAction":[{"@type":"SearchAction","target":{"@type":"EntryPoint","urlTemplate":"https:\/\/www.polymanga.com\/?s={search_term_string}"},"query-input":{"@type":"PropertyValueSpecification","valueRequired":true,"valueName":"search_term_string"}}],"inLanguage":"de"},{"@type":"Organization","@id":"https:\/\/www.polymanga.com\/#organization","name":"Polymanga","url":"https:\/\/www.polymanga.com\/","logo":{"@type":"ImageObject","inLanguage":"de","@id":"https:\/\/www.polymanga.com\/#\/schema\/logo\/image\/","url":"https:\/\/www.polymanga.com\/wp-content\/uploads\/2025\/10\/logo-2026.jpg","contentUrl":"https:\/\/www.polymanga.com\/wp-content\/uploads\/2025\/10\/logo-2026.jpg","width":2184,"height":1157,"caption":"Polymanga"},"image":{"@id":"https:\/\/www.polymanga.com\/#\/schema\/logo\/image\/"},"sameAs":["https:\/\/www.facebook.com\/Polymanga\/?locale=fr_FR","https:\/\/www.instagram.com\/polymanga\/","https:\/\/www.tiktok.com\/@polymanga"]}]}},"_links":{"self":[{"href":"https:\/\/www.polymanga.com\/de\/wp-json\/wp\/v2\/pages\/7686","targetHints":{"allow":["GET"]}}],"collection":[{"href":"https:\/\/www.polymanga.com\/de\/wp-json\/wp\/v2\/pages"}],"about":[{"href":"https:\/\/www.polymanga.com\/de\/wp-json\/wp\/v2\/types\/page"}],"author":[{"embeddable":true,"href":"https:\/\/www.polymanga.com\/de\/wp-json\/wp\/v2\/users\/8"}],"replies":[{"embeddable":true,"href":"https:\/\/www.polymanga.com\/de\/wp-json\/wp\/v2\/comments?post=7686"}],"version-history":[{"count":4,"href":"https:\/\/www.polymanga.com\/de\/wp-json\/wp\/v2\/pages\/7686\/revisions"}],"predecessor-version":[{"id":7812,"href":"https:\/\/www.polymanga.com\/de\/wp-json\/wp\/v2\/pages\/7686\/revisions\/7812"}],"wp:featuredmedia":[{"embeddable":true,"href":"https:\/\/www.polymanga.com\/de\/wp-json\/wp\/v2\/media\/174"}],"wp:attachment":[{"href":"https:\/\/www.polymanga.com\/de\/wp-json\/wp\/v2\/media?parent=7686"}],"curies":[{"name":"wp","href":"https:\/\/api.w.org\/{rel}","templated":true}]}}